{"id":6868,"date":"2017-07-05T11:13:45","date_gmt":"2017-07-04T23:13:45","guid":{"rendered":"https:\/\/www.unitec.ac.nz\/ams\/?page_id=6868"},"modified":"2023-10-13T13:34:11","modified_gmt":"2023-10-13T00:34:11","slug":"news","status":"publish","type":"page","link":"https:\/\/www.unitec.ac.nz\/ams\/?page_id=6868","title":{"rendered":"News"},"content":{"rendered":"<ul class=\"wp-block-latest-posts__list has-dates wp-block-latest-posts\"><li><a class=\"wp-block-latest-posts__post-title\" href=\"https:\/\/www.unitec.ac.nz\/ams\/?p=7957\">First record of Fusarium cortaderiae on climbing asparagus (Asparagus scandens): an invasive plant species in New Zealand<\/a><time datetime=\"2025-02-27T14:59:06+13:00\" class=\"wp-block-latest-posts__post-date\">27 February, 2025<\/time><\/li>\n<li><a class=\"wp-block-latest-posts__post-title\" href=\"https:\/\/www.unitec.ac.nz\/ams\/?p=7953\">AMS welcomes Dr. John Yan<\/a><time datetime=\"2025-02-27T14:50:38+13:00\" class=\"wp-block-latest-posts__post-date\">27 February, 2025<\/time><\/li>\n<li><a class=\"wp-block-latest-posts__post-title\" href=\"https:\/\/www.unitec.ac.nz\/ams\/?p=7950\">Join our Team<\/a><time datetime=\"2024-09-09T10:28:38+12:00\" class=\"wp-block-latest-posts__post-date\">9 September, 2024<\/time><\/li>\n<li><a class=\"wp-block-latest-posts__post-title\" href=\"https:\/\/www.unitec.ac.nz\/ams\/?p=7940\">Te Roroa and the Applied Molecular Solutions Research Centre: A Partnership in Conservation Genomics<\/a><time datetime=\"2024-08-29T16:12:34+12:00\" class=\"wp-block-latest-posts__post-date\">29 August, 2024<\/time><\/li>\n<li><div class=\"wp-block-latest-posts__featured-image alignright\"><img loading=\"lazy\" decoding=\"async\" width=\"150\" height=\"150\" src=\"https:\/\/www.unitec.ac.nz\/ams\/wp-content\/uploads\/2023\/12\/genomics_aotearoa_logo-150x150.jpg\" class=\"attachment-thumbnail size-thumbnail wp-post-image\" alt=\"\" style=\"\" srcset=\"https:\/\/www.unitec.ac.nz\/ams\/wp-content\/uploads\/2023\/12\/genomics_aotearoa_logo-150x150.jpg 150w, https:\/\/www.unitec.ac.nz\/ams\/wp-content\/uploads\/2023\/12\/genomics_aotearoa_logo.jpg 200w\" sizes=\"auto, (max-width: 150px) 100vw, 150px\" \/><\/div><a class=\"wp-block-latest-posts__post-title\" href=\"https:\/\/www.unitec.ac.nz\/ams\/?p=7915\">Applied Molecular Solutions attends the 2023 AGM of Genomics Aotearoa<\/a><time datetime=\"2023-12-05T14:57:27+13:00\" class=\"wp-block-latest-posts__post-date\">5 December, 2023<\/time><\/li>\n<li><div class=\"wp-block-latest-posts__featured-image alignright\"><img loading=\"lazy\" decoding=\"async\" width=\"150\" height=\"150\" src=\"https:\/\/www.unitec.ac.nz\/ams\/wp-content\/uploads\/2023\/12\/Gecko2-1-150x150.jpg\" class=\"attachment-thumbnail size-thumbnail wp-post-image\" alt=\"\" style=\"\" srcset=\"https:\/\/www.unitec.ac.nz\/ams\/wp-content\/uploads\/2023\/12\/Gecko2-1-150x150.jpg 150w, https:\/\/www.unitec.ac.nz\/ams\/wp-content\/uploads\/2023\/12\/Gecko2-1-300x300.jpg 300w, https:\/\/www.unitec.ac.nz\/ams\/wp-content\/uploads\/2023\/12\/Gecko2-1-1024x1024.jpg 1024w, https:\/\/www.unitec.ac.nz\/ams\/wp-content\/uploads\/2023\/12\/Gecko2-1-768x768.jpg 768w, https:\/\/www.unitec.ac.nz\/ams\/wp-content\/uploads\/2023\/12\/Gecko2-1-1536x1536.jpg 1536w, https:\/\/www.unitec.ac.nz\/ams\/wp-content\/uploads\/2023\/12\/Gecko2-1-2048x2048.jpg 2048w\" sizes=\"auto, (max-width: 150px) 100vw, 150px\" \/><\/div><a class=\"wp-block-latest-posts__post-title\" href=\"https:\/\/www.unitec.ac.nz\/ams\/?p=7882\">A new species of gecko in Auckland discovered<\/a><time datetime=\"2023-12-05T13:30:58+13:00\" class=\"wp-block-latest-posts__post-date\">5 December, 2023<\/time><\/li>\n<li><div class=\"wp-block-latest-posts__featured-image alignright\"><img loading=\"lazy\" decoding=\"async\" width=\"150\" height=\"150\" src=\"https:\/\/www.unitec.ac.nz\/ams\/wp-content\/uploads\/2023\/10\/20210625_124919-150x150.jpg\" class=\"attachment-thumbnail size-thumbnail wp-post-image\" alt=\"\" style=\"\" \/><\/div><a class=\"wp-block-latest-posts__post-title\" href=\"https:\/\/www.unitec.ac.nz\/ams\/?p=7706\">Megalaria crispisulcans, a new isidiate species of Megalaria (Ramalinaceae) from Aotearoa \/ New Zealand<\/a><time datetime=\"2023-10-11T14:28:19+13:00\" class=\"wp-block-latest-posts__post-date\">11 October, 2023<\/time><\/li>\n<li><div class=\"wp-block-latest-posts__featured-image alignright\"><img loading=\"lazy\" decoding=\"async\" width=\"150\" height=\"150\" src=\"https:\/\/www.unitec.ac.nz\/ams\/wp-content\/uploads\/2023\/10\/Pimelea1-150x150.jpg\" class=\"attachment-thumbnail size-thumbnail wp-post-image\" alt=\"\" style=\"\" \/><\/div><a class=\"wp-block-latest-posts__post-title\" href=\"https:\/\/www.unitec.ac.nz\/ams\/?p=7692\">Ng\u0101 Roimata \u014d T\u014dhe: a new AMSRC collaboration<\/a><time datetime=\"2023-10-11T13:10:47+13:00\" class=\"wp-block-latest-posts__post-date\">11 October, 2023<\/time><\/li>\n<li><a class=\"wp-block-latest-posts__post-title\" href=\"https:\/\/www.unitec.ac.nz\/ams\/?p=7864\">Applied Molecular Solutions becomes a Genomics Aotearoa associate member.<\/a><time datetime=\"2023-10-01T13:19:26+13:00\" class=\"wp-block-latest-posts__post-date\">1 October, 2023<\/time><\/li>\n<li><a class=\"wp-block-latest-posts__post-title\" href=\"https:\/\/www.unitec.ac.nz\/ams\/?p=7695\">Internal Transcribed Spacer and 16S Amplicon Sequencing Identified Microbial Species Associated with Asbestos in New Zealand<\/a><time datetime=\"2023-02-01T13:16:58+13:00\" class=\"wp-block-latest-posts__post-date\">1 February, 2023<\/time><\/li>\n<\/ul>","protected":false},"excerpt":{"rendered":"","protected":false},"author":10,"featured_media":0,"parent":0,"menu_order":2,"comment_status":"closed","ping_status":"closed","template":"page_sidebar.php","meta":{"footnotes":""},"class_list":["post-6868","page","type-page","status-publish","hentry"],"_links":{"self":[{"href":"https:\/\/www.unitec.ac.nz\/ams\/index.php?rest_route=\/wp\/v2\/pages\/6868","targetHints":{"allow":["GET"]}}],"collection":[{"href":"https:\/\/www.unitec.ac.nz\/ams\/index.php?rest_route=\/wp\/v2\/pages"}],"about":[{"href":"https:\/\/www.unitec.ac.nz\/ams\/index.php?rest_route=\/wp\/v2\/types\/page"}],"author":[{"embeddable":true,"href":"https:\/\/www.unitec.ac.nz\/ams\/index.php?rest_route=\/wp\/v2\/users\/10"}],"replies":[{"embeddable":true,"href":"https:\/\/www.unitec.ac.nz\/ams\/index.php?rest_route=%2Fwp%2Fv2%2Fcomments&post=6868"}],"version-history":[{"count":8,"href":"https:\/\/www.unitec.ac.nz\/ams\/index.php?rest_route=\/wp\/v2\/pages\/6868\/revisions"}],"predecessor-version":[{"id":7867,"href":"https:\/\/www.unitec.ac.nz\/ams\/index.php?rest_route=\/wp\/v2\/pages\/6868\/revisions\/7867"}],"wp:attachment":[{"href":"https:\/\/www.unitec.ac.nz\/ams\/index.php?rest_route=%2Fwp%2Fv2%2Fmedia&parent=6868"}],"curies":[{"name":"wp","href":"https:\/\/api.w.org\/{rel}","templated":true}]}}