{"id":3512,"date":"2024-07-18T10:48:11","date_gmt":"2024-07-17T21:48:11","guid":{"rendered":"https:\/\/www.unitec.ac.nz\/UnitecResearchBlog\/?page_id=3512"},"modified":"2024-07-18T10:48:12","modified_gmt":"2024-07-17T21:48:12","slug":"latest-publications","status":"publish","type":"page","link":"https:\/\/www.unitec.ac.nz\/UnitecResearchBlog\/","title":{"rendered":"Latest Publications"},"content":{"rendered":"\t\t<div class=\"wppsac-wrap wppsac-slick-slider-wrp wppsac-clearfix \" data-conf=\"{&quot;dots&quot;:&quot;true&quot;,&quot;arrows&quot;:&quot;true&quot;,&quot;autoplay&quot;:&quot;true&quot;,&quot;autoplay_interval&quot;:3000,&quot;speed&quot;:500,&quot;rtl&quot;:&quot;false&quot;,&quot;lazyload&quot;:&quot;&quot;}\">\r\n\t\t\t<div id=\"wppsac-post-slider-1\" class=\"wppsac-post-slider-init wppsac-post-slider design-4\">\r\n\t\t\t\t<div class=\"wppsac-post-slides\">\r\n\t<div class=\"wppsac-post-list\">\r\n\t\t<div class=\"wppsac-post-list-content\">\r\n\t\t\t\t\t\t<div class=\"wp-medium-5 wpcolumns\">\r\n\t\t\t\t<div class=\"wppsac-post-image-bg\">\r\n\t\t\t\t\t<a href=\"https:\/\/www.unitec.ac.nz\/UnitecResearchBlog\/index.php\/pacific-landscape-architecture-graduate-wins-international-award\/\">\r\n\t\t\t\t\t\t<img decoding=\"async\" class=\"wppsac-post-image\"  src=\"https:\/\/www.unitec.ac.nz\/UnitecResearchBlog\/wp-content\/uploads\/053A4586Presentation-08-2048x1365-1.jpg\" alt=\"Pacific Landscape Architecture graduate wins International Award\" \/>\r\n\t\t\t\t\t<\/a>\r\n\t\t\t\t<\/div>\r\n\t\t\t<\/div>\r\n\t\t\t\r\n\t\t\t<div class=\" wp-medium-7  wpcolumns\">\r\n\t\t\t\t\r\n\t\t\t\t<h2 class=\"wppsac-post-title\">\r\n\t\t\t\t\t<a href=\"https:\/\/www.unitec.ac.nz\/UnitecResearchBlog\/index.php\/pacific-landscape-architecture-graduate-wins-international-award\/\">Pacific Landscape Architecture graduate wins International Award<\/a>\r\n\t\t\t\t<\/h2>\r\n\r\n\t\t\t\t\t\t\t<\/div>\r\n\t\t<\/div>\r\n\t<\/div>\r\n<\/div><div class=\"wppsac-post-slides\">\r\n\t<div class=\"wppsac-post-list\">\r\n\t\t<div class=\"wppsac-post-list-content\">\r\n\t\t\t\r\n\t\t\t<div class=\" wp-medium-12  wpcolumns\">\r\n\t\t\t\t\r\n\t\t\t\t<h2 class=\"wppsac-post-title\">\r\n\t\t\t\t\t<a href=\"https:\/\/www.unitec.ac.nz\/UnitecResearchBlog\/index.php\/associate-professor-byron-rangiwai-selected-for-international-research-fellowship\/\">Associate Professor Byron Rangiwai Selected for International Research Fellowship<\/a>\r\n\t\t\t\t<\/h2>\r\n\r\n\t\t\t\t\t\t\t<\/div>\r\n\t\t<\/div>\r\n\t<\/div>\r\n<\/div><div class=\"wppsac-post-slides\">\r\n\t<div class=\"wppsac-post-list\">\r\n\t\t<div class=\"wppsac-post-list-content\">\r\n\t\t\t\r\n\t\t\t<div class=\" wp-medium-12  wpcolumns\">\r\n\t\t\t\t\r\n\t\t\t\t<h2 class=\"wppsac-post-title\">\r\n\t\t\t\t\t<a href=\"https:\/\/www.unitec.ac.nz\/UnitecResearchBlog\/index.php\/strengthening-our-waka-hourua-pacific-research-shapes-the-path-ahead\/\">Strengthening our Waka Hourua: Pacific research shapes the path ahead<\/a>\r\n\t\t\t\t<\/h2>\r\n\r\n\t\t\t\t\t\t\t<\/div>\r\n\t\t<\/div>\r\n\t<\/div>\r\n<\/div><div class=\"wppsac-post-slides\">\r\n\t<div class=\"wppsac-post-list\">\r\n\t\t<div class=\"wppsac-post-list-content\">\r\n\t\t\t\t\t\t<div class=\"wp-medium-5 wpcolumns\">\r\n\t\t\t\t<div class=\"wppsac-post-image-bg\">\r\n\t\t\t\t\t<a href=\"https:\/\/www.unitec.ac.nz\/UnitecResearchBlog\/index.php\/creative-research-hui-strengthens-indigenous-connections\/\">\r\n\t\t\t\t\t\t<img decoding=\"async\" class=\"wppsac-post-image\"  src=\"https:\/\/www.unitec.ac.nz\/UnitecResearchBlog\/wp-content\/uploads\/Mana-Wahine-group-shot-with-WIPCE-visitors-2048x1152-1.jpg\" alt=\"Creative Research Hui strengthens Indigenous Connections\" \/>\r\n\t\t\t\t\t<\/a>\r\n\t\t\t\t<\/div>\r\n\t\t\t<\/div>\r\n\t\t\t\r\n\t\t\t<div class=\" wp-medium-7  wpcolumns\">\r\n\t\t\t\t\r\n\t\t\t\t<h2 class=\"wppsac-post-title\">\r\n\t\t\t\t\t<a href=\"https:\/\/www.unitec.ac.nz\/UnitecResearchBlog\/index.php\/creative-research-hui-strengthens-indigenous-connections\/\">Creative Research Hui strengthens Indigenous Connections<\/a>\r\n\t\t\t\t<\/h2>\r\n\r\n\t\t\t\t\t\t\t<\/div>\r\n\t\t<\/div>\r\n\t<\/div>\r\n<\/div>\t\t\t<\/div>\r\n\t\t<\/div>\r\n\t\n\n\n<hr class=\"wp-block-separator has-alpha-channel-opacity\"\/>\n\n\n\n<div class=\"wp-block-query is-layout-flow wp-block-query-is-layout-flow\"><ul class=\"wp-block-post-template is-layout-flow wp-block-post-template-is-layout-flow\"><li class=\"wp-block-post post-3661 post type-post status-publish format-standard has-post-thumbnail hentry category-uncategorized\">\n\n<div class=\"wp-block-columns alignwide is-layout-flex wp-container-core-columns-is-layout-9d6595d7 wp-block-columns-is-layout-flex\">\n<div class=\"wp-block-column is-layout-flow wp-block-column-is-layout-flow\" style=\"flex-basis:25%\"><figure style=\"width:180px;\" class=\"wp-block-post-featured-image\"><a href=\"https:\/\/www.unitec.ac.nz\/UnitecResearchBlog\/index.php\/pacific-landscape-architecture-graduate-wins-international-award\/\" target=\"_self\"  ><img loading=\"lazy\" decoding=\"async\" width=\"600\" height=\"400\" src=\"https:\/\/www.unitec.ac.nz\/UnitecResearchBlog\/wp-content\/uploads\/053A4586Presentation-08-2048x1365-1-600x400.jpg\" class=\"attachment-post-thumbnail size-post-thumbnail wp-post-image\" alt=\"Pacific Landscape Architecture graduate wins International Award\" style=\"object-fit:cover;\" srcset=\"https:\/\/www.unitec.ac.nz\/UnitecResearchBlog\/wp-content\/uploads\/053A4586Presentation-08-2048x1365-1-600x400.jpg 600w, https:\/\/www.unitec.ac.nz\/UnitecResearchBlog\/wp-content\/uploads\/053A4586Presentation-08-2048x1365-1-300x200.jpg 300w, https:\/\/www.unitec.ac.nz\/UnitecResearchBlog\/wp-content\/uploads\/053A4586Presentation-08-2048x1365-1-1024x683.jpg 1024w, https:\/\/www.unitec.ac.nz\/UnitecResearchBlog\/wp-content\/uploads\/053A4586Presentation-08-2048x1365-1-768x512.jpg 768w, https:\/\/www.unitec.ac.nz\/UnitecResearchBlog\/wp-content\/uploads\/053A4586Presentation-08-2048x1365-1-1536x1024.jpg 1536w, https:\/\/www.unitec.ac.nz\/UnitecResearchBlog\/wp-content\/uploads\/053A4586Presentation-08-2048x1365-1-945x630.jpg 945w, https:\/\/www.unitec.ac.nz\/UnitecResearchBlog\/wp-content\/uploads\/053A4586Presentation-08-2048x1365-1.jpg 2048w\" sizes=\"auto, (max-width: 600px) 100vw, 600px\" \/><\/a><\/figure><\/div>\n\n\n\n<div class=\"wp-block-column is-layout-flow wp-block-column-is-layout-flow\" style=\"flex-basis:75%\"><h2 class=\"wp-block-post-title has-regular-font-size\"><a href=\"https:\/\/www.unitec.ac.nz\/UnitecResearchBlog\/index.php\/pacific-landscape-architecture-graduate-wins-international-award\/\" target=\"_self\" >Pacific Landscape Architecture graduate wins International Award<\/a><\/h2>\n\n<div style=\"font-size:14px;\" class=\"wp-block-post-excerpt\"><p class=\"wp-block-post-excerpt__excerpt\">2025 Landscape Architecture graduate, Lyrck Maiava has been awarded Best Student Presentation at the 58th Annual International Conference of the Architectural Science Association (ASA), held at the University of Melbourne. The award recognises a conference paper she co-authored with&hellip; <\/p><\/div><\/div>\n<\/div>\n\n<\/li><li class=\"wp-block-post post-3658 post type-post status-publish format-standard hentry category-uncategorized\">\n\n<div class=\"wp-block-columns alignwide is-layout-flex wp-container-core-columns-is-layout-9d6595d7 wp-block-columns-is-layout-flex\">\n<div class=\"wp-block-column is-layout-flow wp-block-column-is-layout-flow\" style=\"flex-basis:25%\"><\/div>\n\n\n\n<div class=\"wp-block-column is-layout-flow wp-block-column-is-layout-flow\" style=\"flex-basis:75%\"><h2 class=\"wp-block-post-title has-regular-font-size\"><a href=\"https:\/\/www.unitec.ac.nz\/UnitecResearchBlog\/index.php\/associate-professor-byron-rangiwai-selected-for-international-research-fellowship\/\" target=\"_self\" >Associate Professor Byron Rangiwai Selected for International Research Fellowship<\/a><\/h2>\n\n<div style=\"font-size:14px;\" class=\"wp-block-post-excerpt\"><p class=\"wp-block-post-excerpt__excerpt\">Associate Professor Byron Rangiwai has been selected as a fellow for&nbsp;Animistic Variations: Philosophy and Religion in and beyond the Pacific, an international research project hosted by the University of Auckland and the University of Leeds, and sponsored by the&hellip; <\/p><\/div><\/div>\n<\/div>\n\n<\/li><li class=\"wp-block-post post-3654 post type-post status-publish format-standard hentry category-uncategorized\">\n\n<div class=\"wp-block-columns alignwide is-layout-flex wp-container-core-columns-is-layout-9d6595d7 wp-block-columns-is-layout-flex\">\n<div class=\"wp-block-column is-layout-flow wp-block-column-is-layout-flow\" style=\"flex-basis:25%\"><\/div>\n\n\n\n<div class=\"wp-block-column is-layout-flow wp-block-column-is-layout-flow\" style=\"flex-basis:75%\"><h2 class=\"wp-block-post-title has-regular-font-size\"><a href=\"https:\/\/www.unitec.ac.nz\/UnitecResearchBlog\/index.php\/strengthening-our-waka-hourua-pacific-research-shapes-the-path-ahead\/\" target=\"_self\" >Strengthening our Waka Hourua: Pacific research shapes the path ahead<\/a><\/h2>\n\n<div style=\"font-size:14px;\" class=\"wp-block-post-excerpt\"><p class=\"wp-block-post-excerpt__excerpt\">As Unitec prepares to join with Manukau Institute of Technology, Pacific-led research will be at the forefront informing the strategic direction of the new institution. That was the sentiment shared by our senior leaders and researchers at this year\u2019s&hellip; <\/p><\/div><\/div>\n<\/div>\n\n<\/li><li class=\"wp-block-post post-3646 post type-post status-publish format-standard has-post-thumbnail hentry category-uncategorized\">\n\n<div class=\"wp-block-columns alignwide is-layout-flex wp-container-core-columns-is-layout-9d6595d7 wp-block-columns-is-layout-flex\">\n<div class=\"wp-block-column is-layout-flow wp-block-column-is-layout-flow\" style=\"flex-basis:25%\"><figure style=\"width:180px;\" class=\"wp-block-post-featured-image\"><a href=\"https:\/\/www.unitec.ac.nz\/UnitecResearchBlog\/index.php\/creative-research-hui-strengthens-indigenous-connections\/\" target=\"_self\"  ><img loading=\"lazy\" decoding=\"async\" width=\"600\" height=\"338\" src=\"https:\/\/www.unitec.ac.nz\/UnitecResearchBlog\/wp-content\/uploads\/Mana-Wahine-group-shot-with-WIPCE-visitors-2048x1152-1-600x338.jpg\" class=\"attachment-post-thumbnail size-post-thumbnail wp-post-image\" alt=\"Creative Research Hui strengthens Indigenous Connections\" style=\"object-fit:cover;\" srcset=\"https:\/\/www.unitec.ac.nz\/UnitecResearchBlog\/wp-content\/uploads\/Mana-Wahine-group-shot-with-WIPCE-visitors-2048x1152-1-600x338.jpg 600w, https:\/\/www.unitec.ac.nz\/UnitecResearchBlog\/wp-content\/uploads\/Mana-Wahine-group-shot-with-WIPCE-visitors-2048x1152-1-300x169.jpg 300w, https:\/\/www.unitec.ac.nz\/UnitecResearchBlog\/wp-content\/uploads\/Mana-Wahine-group-shot-with-WIPCE-visitors-2048x1152-1-1024x576.jpg 1024w, https:\/\/www.unitec.ac.nz\/UnitecResearchBlog\/wp-content\/uploads\/Mana-Wahine-group-shot-with-WIPCE-visitors-2048x1152-1-768x432.jpg 768w, https:\/\/www.unitec.ac.nz\/UnitecResearchBlog\/wp-content\/uploads\/Mana-Wahine-group-shot-with-WIPCE-visitors-2048x1152-1-1536x864.jpg 1536w, https:\/\/www.unitec.ac.nz\/UnitecResearchBlog\/wp-content\/uploads\/Mana-Wahine-group-shot-with-WIPCE-visitors-2048x1152-1-945x532.jpg 945w, https:\/\/www.unitec.ac.nz\/UnitecResearchBlog\/wp-content\/uploads\/Mana-Wahine-group-shot-with-WIPCE-visitors-2048x1152-1.jpg 2048w\" sizes=\"auto, (max-width: 600px) 100vw, 600px\" \/><\/a><\/figure><\/div>\n\n\n\n<div class=\"wp-block-column is-layout-flow wp-block-column-is-layout-flow\" style=\"flex-basis:75%\"><h2 class=\"wp-block-post-title has-regular-font-size\"><a href=\"https:\/\/www.unitec.ac.nz\/UnitecResearchBlog\/index.php\/creative-research-hui-strengthens-indigenous-connections\/\" target=\"_self\" >Creative Research Hui strengthens Indigenous Connections<\/a><\/h2>\n\n<div style=\"font-size:14px;\" class=\"wp-block-post-excerpt\"><p class=\"wp-block-post-excerpt__excerpt\">The Mana W\u0101hine Creative Research hui brought together kaimahi, \u0101konga, and indigenous colleagues for an evening of creative scholarship, whakawh\u0101naungatanga, and rich k\u014drero. Held on Tuesday in P\u016bkenga, Te Noho Kotahitanga Marae, the gathering provided an important opportunity for&hellip; <\/p><\/div><\/div>\n<\/div>\n\n<\/li><li class=\"wp-block-post post-3574 post type-post status-publish format-standard has-post-thumbnail hentry category-environmental-and-animal-sciences\">\n\n<div class=\"wp-block-columns alignwide is-layout-flex wp-container-core-columns-is-layout-9d6595d7 wp-block-columns-is-layout-flex\">\n<div class=\"wp-block-column is-layout-flow wp-block-column-is-layout-flow\" style=\"flex-basis:25%\"><figure style=\"width:180px;\" class=\"wp-block-post-featured-image\"><a href=\"https:\/\/www.unitec.ac.nz\/UnitecResearchBlog\/index.php\/research-symposium-celebrates-curiosity-and-collaboration-in-environmental-and-animal-sciences\/\" target=\"_self\"  ><img loading=\"lazy\" decoding=\"async\" width=\"600\" height=\"308\" src=\"https:\/\/www.unitec.ac.nz\/UnitecResearchBlog\/wp-content\/uploads\/zIMG_4477-scaled-1-600x308.jpg\" class=\"attachment-post-thumbnail size-post-thumbnail wp-post-image\" alt=\"Research Symposium celebrates curiosity and collaboration in Environmental and Animal Sciences\" style=\"object-fit:cover;\" srcset=\"https:\/\/www.unitec.ac.nz\/UnitecResearchBlog\/wp-content\/uploads\/zIMG_4477-scaled-1-600x308.jpg 600w, https:\/\/www.unitec.ac.nz\/UnitecResearchBlog\/wp-content\/uploads\/zIMG_4477-scaled-1-300x154.jpg 300w, https:\/\/www.unitec.ac.nz\/UnitecResearchBlog\/wp-content\/uploads\/zIMG_4477-scaled-1-1024x525.jpg 1024w, https:\/\/www.unitec.ac.nz\/UnitecResearchBlog\/wp-content\/uploads\/zIMG_4477-scaled-1-768x394.jpg 768w, https:\/\/www.unitec.ac.nz\/UnitecResearchBlog\/wp-content\/uploads\/zIMG_4477-scaled-1-1536x787.jpg 1536w, https:\/\/www.unitec.ac.nz\/UnitecResearchBlog\/wp-content\/uploads\/zIMG_4477-scaled-1-2048x1050.jpg 2048w, https:\/\/www.unitec.ac.nz\/UnitecResearchBlog\/wp-content\/uploads\/zIMG_4477-scaled-1-945x484.jpg 945w\" sizes=\"auto, (max-width: 600px) 100vw, 600px\" \/><\/a><\/figure><\/div>\n\n\n\n<div class=\"wp-block-column is-layout-flow wp-block-column-is-layout-flow\" style=\"flex-basis:75%\"><h2 class=\"wp-block-post-title has-regular-font-size\"><a href=\"https:\/\/www.unitec.ac.nz\/UnitecResearchBlog\/index.php\/research-symposium-celebrates-curiosity-and-collaboration-in-environmental-and-animal-sciences\/\" target=\"_self\" >Research Symposium celebrates curiosity and collaboration in Environmental and Animal Sciences<\/a><\/h2>\n\n<div style=\"font-size:14px;\" class=\"wp-block-post-excerpt\"><p class=\"wp-block-post-excerpt__excerpt\">School of Environmental and Animal Sciences (EAS) brought together researchers, \u0101konga, and industry partners for its third annual Research Symposium held in B115 on Thursday. Head of School, Associate Professor Laura Harvey, described the symposium as \u201ca celebration of&hellip; <\/p><\/div><\/div>\n<\/div>\n\n<\/li><\/ul>\n\n\n<div class=\"wp-block-group alignfull is-content-justification-center is-nowrap is-layout-flex wp-container-core-group-is-layout-94bc23d7 wp-block-group-is-layout-flex\"><nav class=\"wp-block-query-pagination has-regular-font-size is-layout-flex wp-block-query-pagination-is-layout-flex\" aria-label=\"Pagination\">\n\n\n<div class=\"wp-block-query-pagination-numbers\"><span aria-current=\"page\" class=\"page-numbers current\">1<\/span>\n<a class=\"page-numbers\" href=\"?query-22-page=2\">2<\/a>\n<a class=\"page-numbers\" href=\"?query-22-page=3\">3<\/a>\n<span class=\"page-numbers dots\">&hellip;<\/span>\n<a class=\"page-numbers\" href=\"?query-22-page=14\">14<\/a><\/div>\n\n<a href=\"\/UnitecResearchBlog\/index.php\/wp-json\/wp\/v2\/pages\/3512?query-22-page=2\" class=\"wp-block-query-pagination-next\" aria-label=\"Next Page\"><span class='wp-block-query-pagination-next-arrow is-arrow-chevron' aria-hidden='true'>\u00bb<\/span><\/a>\n<\/nav><\/div>\n<\/div>\n","protected":false},"excerpt":{"rendered":"","protected":false},"author":2,"featured_media":0,"parent":0,"menu_order":0,"comment_status":"closed","ping_status":"closed","template":"","meta":{"footnotes":""},"class_list":["post-3512","page","type-page","status-publish","hentry"],"_links":{"self":[{"href":"https:\/\/www.unitec.ac.nz\/UnitecResearchBlog\/index.php\/wp-json\/wp\/v2\/pages\/3512","targetHints":{"allow":["GET"]}}],"collection":[{"href":"https:\/\/www.unitec.ac.nz\/UnitecResearchBlog\/index.php\/wp-json\/wp\/v2\/pages"}],"about":[{"href":"https:\/\/www.unitec.ac.nz\/UnitecResearchBlog\/index.php\/wp-json\/wp\/v2\/types\/page"}],"author":[{"embeddable":true,"href":"https:\/\/www.unitec.ac.nz\/UnitecResearchBlog\/index.php\/wp-json\/wp\/v2\/users\/2"}],"replies":[{"embeddable":true,"href":"https:\/\/www.unitec.ac.nz\/UnitecResearchBlog\/index.php\/wp-json\/wp\/v2\/comments?post=3512"}],"version-history":[{"count":1,"href":"https:\/\/www.unitec.ac.nz\/UnitecResearchBlog\/index.php\/wp-json\/wp\/v2\/pages\/3512\/revisions"}],"predecessor-version":[{"id":3513,"href":"https:\/\/www.unitec.ac.nz\/UnitecResearchBlog\/index.php\/wp-json\/wp\/v2\/pages\/3512\/revisions\/3513"}],"wp:attachment":[{"href":"https:\/\/www.unitec.ac.nz\/UnitecResearchBlog\/index.php\/wp-json\/wp\/v2\/media?parent=3512"}],"curies":[{"name":"wp","href":"https:\/\/api.w.org\/{rel}","templated":true}]}}